{"id":9,"date":"2021-09-17T12:16:54","date_gmt":"2021-09-17T12:16:54","guid":{"rendered":"http:\/\/k-ubik.com\/?page_id=9"},"modified":"2021-11-01T11:23:56","modified_gmt":"2021-11-01T11:23:56","slug":"le-projet","status":"publish","type":"page","link":"http:\/\/k-ubik.com\/","title":{"rendered":"Le Projet"},"content":{"rendered":"\t\t<div data-elementor-type=\"wp-page\" data-elementor-id=\"9\" class=\"elementor elementor-9\" data-elementor-settings=\"[]\">\n\t\t\t\t\t\t\t<div class=\"elementor-section-wrap\">\n\t\t\t\t\t\t\t<section class=\"elementor-section elementor-top-section elementor-element elementor-element-f1ead6b elementor-section-boxed elementor-section-height-default elementor-section-height-default\" data-id=\"f1ead6b\" data-element_type=\"section\">\n\t\t\t\t\t\t<div class=\"elementor-container elementor-column-gap-default\">\n\t\t\t\t\t<div class=\"elementor-column elementor-col-100 elementor-top-column elementor-element elementor-element-bfb227c\" data-id=\"bfb227c\" data-element_type=\"column\">\n\t\t\t<div class=\"elementor-widget-wrap elementor-element-populated\">\n\t\t\t\t\t\t\t\t<section class=\"elementor-section elementor-inner-section elementor-element elementor-element-52aaa5e elementor-section-boxed elementor-section-height-default elementor-section-height-default\" data-id=\"52aaa5e\" data-element_type=\"section\">\n\t\t\t\t\t\t<div class=\"elementor-container elementor-column-gap-default\">\n\t\t\t\t\t<div class=\"elementor-column elementor-col-50 elementor-inner-column elementor-element elementor-element-1efd0ec\" data-id=\"1efd0ec\" data-element_type=\"column\">\n\t\t\t<div class=\"elementor-widget-wrap elementor-element-populated\">\n\t\t\t\t\t\t\t\t<div class=\"elementor-element elementor-element-ef0db40 elementor-widget elementor-widget-image\" data-id=\"ef0db40\" data-element_type=\"widget\" data-widget_type=\"image.default\">\n\t\t\t\t<div class=\"elementor-widget-container\">\n\t\t\t\t\t\t\t\t\t\t\t\t\t\t\t\t<a href=\"http:\/\/www.nagaprod.com\">\n\t\t\t\t\t\t\t<img width=\"150\" height=\"150\" src=\"http:\/\/k-ubik.com\/wp-content\/uploads\/2021\/11\/Na\u0304ga-Fond-Noir-150x150.jpg\" class=\"attachment-thumbnail size-thumbnail\" alt=\"\" loading=\"lazy\" style=\"width:100%;height:143.49%;max-width:945px\" \/>\t\t\t\t\t\t\t\t<\/a>\n\t\t\t\t\t\t\t\t\t\t\t\t\t\t\t<\/div>\n\t\t\t\t<\/div>\n\t\t\t\t\t<\/div>\n\t\t<\/div>\n\t\t\t\t<div class=\"elementor-column elementor-col-50 elementor-inner-column elementor-element elementor-element-8827df8\" data-id=\"8827df8\" data-element_type=\"column\">\n\t\t\t<div class=\"elementor-widget-wrap elementor-element-populated\">\n\t\t\t\t\t\t\t\t<div class=\"elementor-element elementor-element-8af20b0 elementor-widget elementor-widget-text-editor\" data-id=\"8af20b0\" data-element_type=\"widget\" data-widget_type=\"text-editor.default\">\n\t\t\t\t<div class=\"elementor-widget-container\">\n\t\t\t\t\t\t\t<p>\u00a0<\/p><p>pr\u00e9sente<\/p>\t\t\t\t\t\t<\/div>\n\t\t\t\t<\/div>\n\t\t\t\t\t<\/div>\n\t\t<\/div>\n\t\t\t\t\t\t\t<\/div>\n\t\t<\/section>\n\t\t\t\t\t<\/div>\n\t\t<\/div>\n\t\t\t\t\t\t\t<\/div>\n\t\t<\/section>\n\t\t\t\t<section class=\"elementor-section elementor-top-section elementor-element elementor-element-d5608a7 elementor-section-boxed elementor-section-height-default elementor-section-height-default\" data-id=\"d5608a7\" data-element_type=\"section\">\n\t\t\t\t\t\t<div class=\"elementor-container elementor-column-gap-default\">\n\t\t\t\t\t<div class=\"elementor-column elementor-col-100 elementor-top-column elementor-element elementor-element-8b2ffa7\" data-id=\"8b2ffa7\" data-element_type=\"column\">\n\t\t\t<div class=\"elementor-widget-wrap elementor-element-populated\">\n\t\t\t\t\t\t\t\t<div class=\"elementor-element elementor-element-afb5a7e elementor-invisible elementor-widget elementor-widget-heading\" data-id=\"afb5a7e\" data-element_type=\"widget\" data-settings=\"{&quot;_animation&quot;:&quot;zoomIn&quot;}\" data-widget_type=\"heading.default\">\n\t\t\t\t<div class=\"elementor-widget-container\">\n\t\t\t<h2 class=\"elementor-heading-title elementor-size-default\">K-UBIK<\/h2>\t\t<\/div>\n\t\t\t\t<\/div>\n\t\t\t\t\t<\/div>\n\t\t<\/div>\n\t\t\t\t\t\t\t<\/div>\n\t\t<\/section>\n\t\t\t\t<section class=\"elementor-section elementor-top-section elementor-element elementor-element-fcb1dea elementor-section-boxed elementor-section-height-default elementor-section-height-default\" data-id=\"fcb1dea\" data-element_type=\"section\">\n\t\t\t\t\t\t<div class=\"elementor-container elementor-column-gap-default\">\n\t\t\t\t\t<div class=\"elementor-column elementor-col-100 elementor-top-column elementor-element elementor-element-69fe6cd\" data-id=\"69fe6cd\" data-element_type=\"column\">\n\t\t\t<div class=\"elementor-widget-wrap elementor-element-populated\">\n\t\t\t\t\t\t\t\t<div class=\"elementor-element elementor-element-747461c elementor-invisible elementor-widget elementor-widget-text-editor\" data-id=\"747461c\" data-element_type=\"widget\" data-settings=\"{&quot;_animation&quot;:&quot;slideInUp&quot;}\" data-widget_type=\"text-editor.default\">\n\t\t\t\t<div class=\"elementor-widget-container\">\n\t\t\t\t\t\t\t<div class=\"page\" title=\"Page 3\"><div class=\"section\"><div class=\"layoutArea\"><div class=\"column\"><p>K-UBIK est un quartet ne\u0301 d\u2019une envie : faire une musique o\u00f9 les fronti\u00e8res de genres tomberaient, o\u00f9 le son acidul\u00e9 du rock cotoierait la rondeur d&rsquo;harmonies jazz ou classique. Les influences multiples et vari\u00e9es deviennent les personnages d&rsquo;une histoire \u00e9crite en direct par les quatre acolytes de ce voyage onirique.\u00a0<\/p><p>Au fil des concerts, K-UBIK a e\u0301volue\u0301 vers un mariage entre un son vintage issu du rock inde\u0301pendant, le jazz et les musiques improvise\u0301es. Le premier Album <em>\u00ab\u00a0Illusion of time\u00a0\u00bb<\/em> ,me\u0301taphorique, devient axe\u0301 sur les textures et ambiances sonores.\u00a0<\/p><p>Une musique riche en e\u0301nergie, des the\u0300mes lyriques qui se marient aux rythmiques furieuses et hypnotisantes.<\/p><\/div><\/div><\/div><\/div>\t\t\t\t\t\t<\/div>\n\t\t\t\t<\/div>\n\t\t\t\t<section class=\"elementor-section elementor-inner-section elementor-element elementor-element-34de2e6 elementor-section-boxed elementor-section-height-default elementor-section-height-default\" data-id=\"34de2e6\" data-element_type=\"section\">\n\t\t\t\t\t\t<div class=\"elementor-container elementor-column-gap-default\">\n\t\t\t\t\t<div class=\"elementor-column elementor-col-50 elementor-inner-column elementor-element elementor-element-62b0e30\" data-id=\"62b0e30\" data-element_type=\"column\">\n\t\t\t<div class=\"elementor-widget-wrap elementor-element-populated\">\n\t\t\t\t\t\t\t\t<div class=\"elementor-element elementor-element-a84f39e elementor-invisible elementor-widget elementor-widget-text-editor\" data-id=\"a84f39e\" data-element_type=\"widget\" data-settings=\"{&quot;_animation&quot;:&quot;slideInLeft&quot;}\" data-widget_type=\"text-editor.default\">\n\t\t\t\t<div class=\"elementor-widget-container\">\n\t\t\t\t\t\t\t<div class=\"page\" title=\"Page 2\"><div class=\"section\"><div class=\"layoutArea\"><div class=\"column\"><p><span style=\"text-decoration: underline;\"><em>Arthur Pierre<\/em><\/span> : Guitare, Composition<\/p><p><span style=\"text-decoration: underline;\"><em>Jibril Caratini-Sotto<\/em><\/span> : Claviers, Composition<\/p><p><span style=\"text-decoration: underline;\"><em>Guillaume Ruelland<\/em><\/span> : Basse e\u0301lectrique<\/p><p><span style=\"text-decoration: underline;\"><em>Alexis Sebileau<\/em><\/span> : Batterie<\/p><\/div><\/div><\/div><\/div>\t\t\t\t\t\t<\/div>\n\t\t\t\t<\/div>\n\t\t\t\t\t<\/div>\n\t\t<\/div>\n\t\t\t\t<div class=\"elementor-column elementor-col-50 elementor-inner-column elementor-element elementor-element-384fa6d\" data-id=\"384fa6d\" data-element_type=\"column\">\n\t\t\t<div class=\"elementor-widget-wrap elementor-element-populated\">\n\t\t\t\t\t\t\t\t<div class=\"elementor-element elementor-element-98f9a24 elementor-invisible elementor-widget elementor-widget-image\" data-id=\"98f9a24\" data-element_type=\"widget\" data-settings=\"{&quot;_animation&quot;:&quot;slideInRight&quot;}\" data-widget_type=\"image.default\">\n\t\t\t\t<div class=\"elementor-widget-container\">\n\t\t\t\t\t\t\t\t\t\t\t\t\t\t\t<img width=\"750\" height=\"422\" src=\"http:\/\/k-ubik.com\/wp-content\/uploads\/2021\/09\/10042017-5DM10066-Modifier-1024x576.jpg\" class=\"attachment-large size-large\" alt=\"\" loading=\"lazy\" srcset=\"http:\/\/k-ubik.com\/wp-content\/uploads\/2021\/09\/10042017-5DM10066-Modifier-1024x576.jpg 1024w, http:\/\/k-ubik.com\/wp-content\/uploads\/2021\/09\/10042017-5DM10066-Modifier-300x169.jpg 300w, http:\/\/k-ubik.com\/wp-content\/uploads\/2021\/09\/10042017-5DM10066-Modifier-768x432.jpg 768w, http:\/\/k-ubik.com\/wp-content\/uploads\/2021\/09\/10042017-5DM10066-Modifier-1536x864.jpg 1536w, http:\/\/k-ubik.com\/wp-content\/uploads\/2021\/09\/10042017-5DM10066-Modifier-2048x1152.jpg 2048w, http:\/\/k-ubik.com\/wp-content\/uploads\/2021\/09\/10042017-5DM10066-Modifier-1568x882.jpg 1568w\" sizes=\"(max-width: 750px) 100vw, 750px\" style=\"width:100%;height:56.25%;max-width:2560px\" \/>\t\t\t\t\t\t\t\t\t\t\t\t\t\t\t<\/div>\n\t\t\t\t<\/div>\n\t\t\t\t\t<\/div>\n\t\t<\/div>\n\t\t\t\t\t\t\t<\/div>\n\t\t<\/section>\n\t\t\t\t\t<\/div>\n\t\t<\/div>\n\t\t\t\t\t\t\t<\/div>\n\t\t<\/section>\n\t\t\t\t<section class=\"elementor-section elementor-top-section elementor-element elementor-element-e7fd462 elementor-section-boxed elementor-section-height-default elementor-section-height-default\" data-id=\"e7fd462\" data-element_type=\"section\">\n\t\t\t\t\t\t<div class=\"elementor-container elementor-column-gap-default\">\n\t\t\t\t\t<div class=\"elementor-column elementor-col-100 elementor-top-column elementor-element elementor-element-dac526a\" data-id=\"dac526a\" data-element_type=\"column\">\n\t\t\t<div class=\"elementor-widget-wrap elementor-element-populated\">\n\t\t\t\t\t\t\t\t<div class=\"elementor-element elementor-element-30a296a elementor-widget elementor-widget-spacer\" data-id=\"30a296a\" data-element_type=\"widget\" data-widget_type=\"spacer.default\">\n\t\t\t\t<div class=\"elementor-widget-container\">\n\t\t\t\t\t<div class=\"elementor-spacer\">\n\t\t\t<div class=\"elementor-spacer-inner\"><\/div>\n\t\t<\/div>\n\t\t\t\t<\/div>\n\t\t\t\t<\/div>\n\t\t\t\t<div class=\"elementor-element elementor-element-ba9a2a2 elementor-widget elementor-widget-heading\" data-id=\"ba9a2a2\" data-element_type=\"widget\" data-widget_type=\"heading.default\">\n\t\t\t\t<div class=\"elementor-widget-container\">\n\t\t\t<h2 class=\"elementor-heading-title elementor-size-medium\">soutenu par <\/h2>\t\t<\/div>\n\t\t\t\t<\/div>\n\t\t\t\t<div class=\"elementor-element elementor-element-9f0a534 elementor-arrows-position-inside elementor-pagination-position-outside elementor-widget elementor-widget-image-carousel\" data-id=\"9f0a534\" data-element_type=\"widget\" data-settings=\"{&quot;slides_to_show&quot;:&quot;1&quot;,&quot;navigation&quot;:&quot;both&quot;,&quot;autoplay&quot;:&quot;yes&quot;,&quot;pause_on_hover&quot;:&quot;yes&quot;,&quot;pause_on_interaction&quot;:&quot;yes&quot;,&quot;autoplay_speed&quot;:5000,&quot;infinite&quot;:&quot;yes&quot;,&quot;effect&quot;:&quot;slide&quot;,&quot;speed&quot;:500}\" data-widget_type=\"image-carousel.default\">\n\t\t\t\t<div class=\"elementor-widget-container\">\n\t\t\t\t\t<div class=\"elementor-image-carousel-wrapper swiper-container\" dir=\"ltr\">\n\t\t\t<div class=\"elementor-image-carousel swiper-wrapper\">\n\t\t\t\t\t\t\t\t<div class=\"swiper-slide\"><figure class=\"swiper-slide-inner\"><img class=\"swiper-slide-image\" src=\"http:\/\/k-ubik.com\/wp-content\/uploads\/2021\/11\/Musique-et-equilibre-logo.png\" alt=\"Musique et equilibre logo\" \/><\/figure><\/div><div class=\"swiper-slide\"><figure class=\"swiper-slide-inner\"><img class=\"swiper-slide-image\" src=\"http:\/\/k-ubik.com\/wp-content\/uploads\/2021\/11\/Na\u0304ga-Fond-Noir-150x150.jpg\" alt=\"Na\u0304ga-Fond-Noir\" \/><\/figure><\/div>\t\t\t<\/div>\n\t\t\t\t\t\t\t\t\t\t\t\t<div class=\"swiper-pagination\"><\/div>\n\t\t\t\t\t\t\t\t\t\t\t\t\t<div class=\"elementor-swiper-button elementor-swiper-button-prev\">\n\t\t\t\t\t\t<i class=\"eicon-chevron-left\" aria-hidden=\"true\"><\/i>\n\t\t\t\t\t\t<span class=\"elementor-screen-only\">Pr\u00e9c\u00e9dent<\/span>\n\t\t\t\t\t<\/div>\n\t\t\t\t\t<div class=\"elementor-swiper-button elementor-swiper-button-next\">\n\t\t\t\t\t\t<i class=\"eicon-chevron-right\" aria-hidden=\"true\"><\/i>\n\t\t\t\t\t\t<span class=\"elementor-screen-only\">Suivant<\/span>\n\t\t\t\t\t<\/div>\n\t\t\t\t\t\t\t\t\t<\/div>\n\t\t\t\t<\/div>\n\t\t\t\t<\/div>\n\t\t\t\t\t<\/div>\n\t\t<\/div>\n\t\t\t\t\t\t\t<\/div>\n\t\t<\/section>\n\t\t\t\t\t\t<\/div>\n\t\t\t\t\t<\/div>\n\t\t","protected":false},"excerpt":{"rendered":"<p>\u00a0 pr\u00e9sente K-UBIK K-UBIK est un quartet ne\u0301 d\u2019une envie : faire une musique o\u00f9 les fronti\u00e8res de genres tomberaient, o\u00f9 le son acidul\u00e9 du rock cotoierait la rondeur d&rsquo;harmonies jazz ou classique. Les influences multiples et vari\u00e9es deviennent les personnages d&rsquo;une histoire \u00e9crite en direct par les quatre acolytes de ce voyage onirique.\u00a0 Au&hellip; <a class=\"more-link\" href=\"http:\/\/k-ubik.com\/\">Poursuivre la lecture <span class=\"screen-reader-text\">Le Projet<\/span><\/a><\/p>\n","protected":false},"author":1,"featured_media":0,"parent":0,"menu_order":0,"comment_status":"closed","ping_status":"closed","template":"","meta":{"om_disable_all_campaigns":false,"_monsterinsights_skip_tracking":false,"_monsterinsights_sitenote_active":false,"_monsterinsights_sitenote_note":"","_monsterinsights_sitenote_category":0},"_links":{"self":[{"href":"http:\/\/k-ubik.com\/index.php\/wp-json\/wp\/v2\/pages\/9"}],"collection":[{"href":"http:\/\/k-ubik.com\/index.php\/wp-json\/wp\/v2\/pages"}],"about":[{"href":"http:\/\/k-ubik.com\/index.php\/wp-json\/wp\/v2\/types\/page"}],"author":[{"embeddable":true,"href":"http:\/\/k-ubik.com\/index.php\/wp-json\/wp\/v2\/users\/1"}],"replies":[{"embeddable":true,"href":"http:\/\/k-ubik.com\/index.php\/wp-json\/wp\/v2\/comments?post=9"}],"version-history":[{"count":67,"href":"http:\/\/k-ubik.com\/index.php\/wp-json\/wp\/v2\/pages\/9\/revisions"}],"predecessor-version":[{"id":197,"href":"http:\/\/k-ubik.com\/index.php\/wp-json\/wp\/v2\/pages\/9\/revisions\/197"}],"wp:attachment":[{"href":"http:\/\/k-ubik.com\/index.php\/wp-json\/wp\/v2\/media?parent=9"}],"curies":[{"name":"wp","href":"https:\/\/api.w.org\/{rel}","templated":true}]}}