{"id":12,"date":"2021-09-20T09:31:26","date_gmt":"2021-09-20T09:31:26","guid":{"rendered":"http:\/\/k-ubik.com\/?page_id=12"},"modified":"2022-01-12T15:36:15","modified_gmt":"2022-01-12T15:36:15","slug":"medias","status":"publish","type":"page","link":"http:\/\/k-ubik.com\/index.php\/medias\/","title":{"rendered":"Medias"},"content":{"rendered":"\t\t<div data-elementor-type=\"wp-page\" data-elementor-id=\"12\" class=\"elementor elementor-12\" data-elementor-settings=\"[]\">\n\t\t\t\t\t\t\t<div class=\"elementor-section-wrap\">\n\t\t\t\t\t\t\t<section class=\"elementor-section elementor-top-section elementor-element elementor-element-a0307c3 elementor-section-boxed elementor-section-height-default elementor-section-height-default\" data-id=\"a0307c3\" data-element_type=\"section\">\n\t\t\t\t\t\t<div class=\"elementor-container elementor-column-gap-default\">\n\t\t\t\t\t<div class=\"elementor-column elementor-col-100 elementor-top-column elementor-element elementor-element-e08a1be\" data-id=\"e08a1be\" data-element_type=\"column\">\n\t\t\t<div class=\"elementor-widget-wrap elementor-element-populated\">\n\t\t\t\t\t\t\t\t<div class=\"elementor-element elementor-element-c8a89b1 elementor-aspect-ratio-169 elementor-invisible elementor-widget elementor-widget-video\" data-id=\"c8a89b1\" data-element_type=\"widget\" data-settings=\"{&quot;youtube_url&quot;:&quot;https:\\\/\\\/youtu.be\\\/H9Ch1NKGHMo&quot;,&quot;_animation&quot;:&quot;fadeInRight&quot;,&quot;video_type&quot;:&quot;youtube&quot;,&quot;controls&quot;:&quot;yes&quot;,&quot;aspect_ratio&quot;:&quot;169&quot;}\" data-widget_type=\"video.default\">\n\t\t\t\t<div class=\"elementor-widget-container\">\n\t\t\t\t\t<div class=\"elementor-wrapper elementor-fit-aspect-ratio elementor-open-inline\">\n\t\t\t<div class=\"elementor-video\"><\/div>\t\t<\/div>\n\t\t\t\t<\/div>\n\t\t\t\t<\/div>\n\t\t\t\t<div class=\"elementor-element elementor-element-46a9769 elementor-widget elementor-widget-text-editor\" data-id=\"46a9769\" data-element_type=\"widget\" data-widget_type=\"text-editor.default\">\n\t\t\t\t<div class=\"elementor-widget-container\">\n\t\t\t\t\t\t\t<p>Extrait Live fait \u00e0 l&rsquo;Argonaute le 17\/12\/2021<\/p><p><em>Arthur Pierre<\/em> :Guitare, compo\u00a0<\/p><p><em>Jibril Caratini Sotto<\/em> : Piano, claviers :\u00a0<\/p><p><em>Guillaume Ruelland<\/em> :<\/p><p><em>Alexis Sebileau<\/em> : Batterie\u00a0\u00a0<\/p>\t\t\t\t\t\t<\/div>\n\t\t\t\t<\/div>\n\t\t\t\t<div class=\"elementor-element elementor-element-9f1095a elementor-widget elementor-widget-spacer\" data-id=\"9f1095a\" data-element_type=\"widget\" data-widget_type=\"spacer.default\">\n\t\t\t\t<div class=\"elementor-widget-container\">\n\t\t\t\t\t<div class=\"elementor-spacer\">\n\t\t\t<div class=\"elementor-spacer-inner\"><\/div>\n\t\t<\/div>\n\t\t\t\t<\/div>\n\t\t\t\t<\/div>\n\t\t\t\t<div class=\"elementor-element elementor-element-0afddff elementor-widget elementor-widget-text-editor\" data-id=\"0afddff\" data-element_type=\"widget\" data-widget_type=\"text-editor.default\">\n\t\t\t\t<div class=\"elementor-widget-container\">\n\t\t\t\t\t\t\t<p>Clip du morceau Bleu nuit :<\/p>\n<p><br><\/p>\n<p>Un voyage dans l&rsquo;onirisme r\u00e9alis\u00e9 par M\u00e9lodie Archambault&nbsp;<\/p>\n<p>pour&nbsp;<a href=\"https:\/\/mad-brain-studio.fr\" target=\"_blank\" style=\"font-family: var( --e-global-typography-text-font-family ), Sans-serif; font-size: var(--global--font-size-base);\">Mad brain studio<\/a>.<\/p>\t\t\t\t\t\t<\/div>\n\t\t\t\t<\/div>\n\t\t\t\t<div class=\"elementor-element elementor-element-a57ac89 elementor-aspect-ratio-169 elementor-widget elementor-widget-video\" data-id=\"a57ac89\" data-element_type=\"widget\" data-settings=\"{&quot;youtube_url&quot;:&quot;https:\\\/\\\/youtu.be\\\/Bg_p5g-gadk&quot;,&quot;video_type&quot;:&quot;youtube&quot;,&quot;controls&quot;:&quot;yes&quot;,&quot;aspect_ratio&quot;:&quot;169&quot;}\" data-widget_type=\"video.default\">\n\t\t\t\t<div class=\"elementor-widget-container\">\n\t\t\t\t\t<div class=\"elementor-wrapper elementor-fit-aspect-ratio elementor-open-inline\">\n\t\t\t<div class=\"elementor-video\"><\/div>\t\t<\/div>\n\t\t\t\t<\/div>\n\t\t\t\t<\/div>\n\t\t\t\t\t<\/div>\n\t\t<\/div>\n\t\t\t\t\t\t\t<\/div>\n\t\t<\/section>\n\t\t\t\t<section class=\"elementor-section elementor-top-section elementor-element elementor-element-f93a289 elementor-section-boxed elementor-section-height-default elementor-section-height-default\" data-id=\"f93a289\" data-element_type=\"section\">\n\t\t\t\t\t\t<div class=\"elementor-container elementor-column-gap-default\">\n\t\t\t\t\t<div class=\"elementor-column elementor-col-100 elementor-top-column elementor-element elementor-element-f6afdba\" data-id=\"f6afdba\" data-element_type=\"column\">\n\t\t\t<div class=\"elementor-widget-wrap elementor-element-populated\">\n\t\t\t\t\t\t\t\t<div class=\"elementor-element elementor-element-663d469 elementor-widget elementor-widget-spacer\" data-id=\"663d469\" data-element_type=\"widget\" data-widget_type=\"spacer.default\">\n\t\t\t\t<div class=\"elementor-widget-container\">\n\t\t\t\t\t<div class=\"elementor-spacer\">\n\t\t\t<div class=\"elementor-spacer-inner\"><\/div>\n\t\t<\/div>\n\t\t\t\t<\/div>\n\t\t\t\t<\/div>\n\t\t\t\t<div class=\"elementor-element elementor-element-cbb44c3 elementor-invisible elementor-widget elementor-widget-image-gallery\" data-id=\"cbb44c3\" data-element_type=\"widget\" data-settings=\"{&quot;_animation&quot;:&quot;fadeInRight&quot;}\" data-widget_type=\"image-gallery.default\">\n\t\t\t\t<div class=\"elementor-widget-container\">\n\t\t\t\t\t<div class=\"elementor-image-gallery\">\n\t\t\t<div id='gallery-1' class='gallery galleryid-12 gallery-columns-4 gallery-size-thumbnail'><figure class='gallery-item'>\n\t\t\t<div class='gallery-icon landscape'>\n\t\t\t\t<a data-elementor-open-lightbox=\"yes\" data-elementor-lightbox-slideshow=\"cbb44c3\" data-elementor-lightbox-title=\"17\" href='http:\/\/k-ubik.com\/wp-content\/uploads\/2021\/09\/17-scaled.jpg'><img width=\"150\" height=\"150\" src=\"http:\/\/k-ubik.com\/wp-content\/uploads\/2021\/09\/17-150x150.jpg\" class=\"attachment-thumbnail size-thumbnail\" alt=\"\" loading=\"lazy\" style=\"width:100%;height:67.19%;max-width:2560px;\" \/><\/a>\n\t\t\t<\/div><\/figure><figure class='gallery-item'>\n\t\t\t<div class='gallery-icon landscape'>\n\t\t\t\t<a data-elementor-open-lightbox=\"yes\" data-elementor-lightbox-slideshow=\"cbb44c3\" data-elementor-lightbox-title=\"03\" href='http:\/\/k-ubik.com\/wp-content\/uploads\/2021\/09\/03-scaled.jpg'><img width=\"150\" height=\"150\" src=\"http:\/\/k-ubik.com\/wp-content\/uploads\/2021\/09\/03-150x150.jpg\" class=\"attachment-thumbnail size-thumbnail\" alt=\"\" loading=\"lazy\" style=\"width:100%;height:67.15%;max-width:2560px;\" \/><\/a>\n\t\t\t<\/div><\/figure><figure class='gallery-item'>\n\t\t\t<div class='gallery-icon landscape'>\n\t\t\t\t<a data-elementor-open-lightbox=\"yes\" data-elementor-lightbox-slideshow=\"cbb44c3\" data-elementor-lightbox-title=\"10\" href='http:\/\/k-ubik.com\/wp-content\/uploads\/2021\/09\/10-scaled.jpg'><img width=\"150\" height=\"150\" src=\"http:\/\/k-ubik.com\/wp-content\/uploads\/2021\/09\/10-150x150.jpg\" class=\"attachment-thumbnail size-thumbnail\" alt=\"\" loading=\"lazy\" style=\"width:100%;height:66.91%;max-width:2560px;\" \/><\/a>\n\t\t\t<\/div><\/figure><figure class='gallery-item'>\n\t\t\t<div class='gallery-icon landscape'>\n\t\t\t\t<a data-elementor-open-lightbox=\"yes\" data-elementor-lightbox-slideshow=\"cbb44c3\" data-elementor-lightbox-title=\"11\" href='http:\/\/k-ubik.com\/wp-content\/uploads\/2021\/09\/11-scaled.jpg'><img width=\"150\" height=\"150\" src=\"http:\/\/k-ubik.com\/wp-content\/uploads\/2021\/09\/11-150x150.jpg\" class=\"attachment-thumbnail size-thumbnail\" alt=\"\" loading=\"lazy\" style=\"width:100%;height:66.33%;max-width:2560px;\" \/><\/a>\n\t\t\t<\/div><\/figure><figure class='gallery-item'>\n\t\t\t<div class='gallery-icon landscape'>\n\t\t\t\t<a data-elementor-open-lightbox=\"yes\" data-elementor-lightbox-slideshow=\"cbb44c3\" data-elementor-lightbox-title=\"02\" href='http:\/\/k-ubik.com\/wp-content\/uploads\/2021\/09\/02-scaled.jpg'><img width=\"150\" height=\"150\" src=\"http:\/\/k-ubik.com\/wp-content\/uploads\/2021\/09\/02-150x150.jpg\" class=\"attachment-thumbnail size-thumbnail\" alt=\"\" loading=\"lazy\" style=\"width:100%;height:73.24%;max-width:2560px;\" \/><\/a>\n\t\t\t<\/div><\/figure><figure class='gallery-item'>\n\t\t\t<div class='gallery-icon landscape'>\n\t\t\t\t<a data-elementor-open-lightbox=\"yes\" data-elementor-lightbox-slideshow=\"cbb44c3\" data-elementor-lightbox-title=\"01\" href='http:\/\/k-ubik.com\/wp-content\/uploads\/2021\/09\/01-scaled.jpg'><img width=\"150\" height=\"150\" src=\"http:\/\/k-ubik.com\/wp-content\/uploads\/2021\/09\/01-150x150.jpg\" class=\"attachment-thumbnail size-thumbnail\" alt=\"\" loading=\"lazy\" style=\"width:100%;height:60.47%;max-width:2560px;\" \/><\/a>\n\t\t\t<\/div><\/figure><figure class='gallery-item'>\n\t\t\t<div class='gallery-icon landscape'>\n\t\t\t\t<a data-elementor-open-lightbox=\"yes\" data-elementor-lightbox-slideshow=\"cbb44c3\" data-elementor-lightbox-title=\"10042017-5DM10043\" href='http:\/\/k-ubik.com\/wp-content\/uploads\/2021\/09\/10042017-5DM10043-scaled.jpg'><img width=\"150\" height=\"150\" src=\"http:\/\/k-ubik.com\/wp-content\/uploads\/2021\/09\/10042017-5DM10043-150x150.jpg\" class=\"attachment-thumbnail size-thumbnail\" alt=\"\" loading=\"lazy\" style=\"width:100%;height:66.68%;max-width:2560px;\" \/><\/a>\n\t\t\t<\/div><\/figure><figure class='gallery-item'>\n\t\t\t<div class='gallery-icon landscape'>\n\t\t\t\t<a data-elementor-open-lightbox=\"yes\" data-elementor-lightbox-slideshow=\"cbb44c3\" data-elementor-lightbox-title=\"00\" href='http:\/\/k-ubik.com\/wp-content\/uploads\/2021\/09\/00.png'><img width=\"150\" height=\"150\" src=\"http:\/\/k-ubik.com\/wp-content\/uploads\/2021\/09\/00-150x150.png\" class=\"attachment-thumbnail size-thumbnail\" alt=\"\" loading=\"lazy\" srcset=\"http:\/\/k-ubik.com\/wp-content\/uploads\/2021\/09\/00-150x150.png 150w, http:\/\/k-ubik.com\/wp-content\/uploads\/2021\/09\/00-300x300.png 300w, http:\/\/k-ubik.com\/wp-content\/uploads\/2021\/09\/00-1024x1024.png 1024w, http:\/\/k-ubik.com\/wp-content\/uploads\/2021\/09\/00-768x768.png 768w, http:\/\/k-ubik.com\/wp-content\/uploads\/2021\/09\/00-1536x1536.png 1536w, http:\/\/k-ubik.com\/wp-content\/uploads\/2021\/09\/00-1568x1568.png 1568w, http:\/\/k-ubik.com\/wp-content\/uploads\/2021\/09\/00.png 1920w\" sizes=\"(max-width: 150px) 100vw, 150px\" style=\"width:100%;height:100%;max-width:1920px;\" \/><\/a>\n\t\t\t<\/div><\/figure>\n\t\t<\/div>\n\t\t<\/div>\n\t\t\t\t<\/div>\n\t\t\t\t<\/div>\n\t\t\t\t\t<\/div>\n\t\t<\/div>\n\t\t\t\t\t\t\t<\/div>\n\t\t<\/section>\n\t\t\t\t<section class=\"elementor-section elementor-top-section elementor-element elementor-element-2906fa6 elementor-section-boxed elementor-section-height-default elementor-section-height-default\" data-id=\"2906fa6\" data-element_type=\"section\">\n\t\t\t\t\t\t<div class=\"elementor-container elementor-column-gap-default\">\n\t\t\t\t\t<div class=\"elementor-column elementor-col-100 elementor-top-column elementor-element elementor-element-4401569\" data-id=\"4401569\" data-element_type=\"column\">\n\t\t\t<div class=\"elementor-widget-wrap elementor-element-populated\">\n\t\t\t\t\t\t\t\t<div class=\"elementor-element elementor-element-1957205 elementor-widget elementor-widget-spacer\" data-id=\"1957205\" data-element_type=\"widget\" data-widget_type=\"spacer.default\">\n\t\t\t\t<div class=\"elementor-widget-container\">\n\t\t\t\t\t<div class=\"elementor-spacer\">\n\t\t\t<div class=\"elementor-spacer-inner\"><\/div>\n\t\t<\/div>\n\t\t\t\t<\/div>\n\t\t\t\t<\/div>\n\t\t\t\t<div class=\"elementor-element elementor-element-d2338bd elementor-widget elementor-widget-heading\" data-id=\"d2338bd\" data-element_type=\"widget\" data-widget_type=\"heading.default\">\n\t\t\t\t<div class=\"elementor-widget-container\">\n\t\t\t<h2 class=\"elementor-heading-title elementor-size-default\">Illusion Of Time<\/h2>\t\t<\/div>\n\t\t\t\t<\/div>\n\t\t\t\t<div class=\"elementor-element elementor-element-0bf8120 elementor-widget elementor-widget-text-editor\" data-id=\"0bf8120\" data-element_type=\"widget\" data-widget_type=\"text-editor.default\">\n\t\t\t\t<div class=\"elementor-widget-container\">\n\t\t\t\t\t\t\t<p>\u00a0Le premier album de K-UBIK disponible sur toutes les plateformes de <a href=\"https:\/\/bfan.link\/illusion-of-times\">streaming<\/a> et chez notre distributeur <a href=\"https:\/\/bfan.link\/illusion-of-times\">Inou\u00efe distribution<\/a><\/p>\t\t\t\t\t\t<\/div>\n\t\t\t\t<\/div>\n\t\t\t\t<div class=\"elementor-element elementor-element-ebebc30 elementor-widget elementor-widget-image\" data-id=\"ebebc30\" data-element_type=\"widget\" data-widget_type=\"image.default\">\n\t\t\t\t<div class=\"elementor-widget-container\">\n\t\t\t\t\t\t\t\t\t\t\t\t\t\t\t<img width=\"750\" height=\"750\" src=\"http:\/\/k-ubik.com\/wp-content\/uploads\/2021\/09\/CubeHD-1024x1024.jpg\" class=\"attachment-large size-large\" alt=\"\" loading=\"lazy\" srcset=\"http:\/\/k-ubik.com\/wp-content\/uploads\/2021\/09\/CubeHD-1024x1024.jpg 1024w, http:\/\/k-ubik.com\/wp-content\/uploads\/2021\/09\/CubeHD-300x300.jpg 300w, http:\/\/k-ubik.com\/wp-content\/uploads\/2021\/09\/CubeHD-150x150.jpg 150w, http:\/\/k-ubik.com\/wp-content\/uploads\/2021\/09\/CubeHD-768x768.jpg 768w, http:\/\/k-ubik.com\/wp-content\/uploads\/2021\/09\/CubeHD-1536x1536.jpg 1536w, http:\/\/k-ubik.com\/wp-content\/uploads\/2021\/09\/CubeHD-1568x1568.jpg 1568w, http:\/\/k-ubik.com\/wp-content\/uploads\/2021\/09\/CubeHD.bmp 1920w\" sizes=\"(max-width: 750px) 100vw, 750px\" style=\"width:100%;height:100%;max-width:1920px\" \/>\t\t\t\t\t\t\t\t\t\t\t\t\t\t\t<\/div>\n\t\t\t\t<\/div>\n\t\t\t\t\t<\/div>\n\t\t<\/div>\n\t\t\t\t\t\t\t<\/div>\n\t\t<\/section>\n\t\t\t\t\t\t<\/div>\n\t\t\t\t\t<\/div>\n\t\t","protected":false},"excerpt":{"rendered":"<p>https:\/\/youtu.be\/H9Ch1NKGHMo Extrait Live fait \u00e0 l&rsquo;Argonaute le 17\/12\/2021 Arthur Pierre :Guitare, compo\u00a0 Jibril Caratini Sotto : Piano, claviers :\u00a0 Guillaume Ruelland : Alexis Sebileau : Batterie\u00a0\u00a0 Clip du morceau Bleu nuit : Un voyage dans l&rsquo;onirisme r\u00e9alis\u00e9 par M\u00e9lodie Archambault&nbsp; pour&nbsp;Mad brain studio. https:\/\/youtu.be\/Bg_p5g-gadk Illusion Of Time \u00a0Le premier album de K-UBIK disponible sur toutes&hellip; <a class=\"more-link\" href=\"http:\/\/k-ubik.com\/index.php\/medias\/\">Poursuivre la lecture <span class=\"screen-reader-text\">Medias<\/span><\/a><\/p>\n","protected":false},"author":1,"featured_media":0,"parent":0,"menu_order":0,"comment_status":"closed","ping_status":"closed","template":"","meta":{"om_disable_all_campaigns":false,"_monsterinsights_skip_tracking":false,"_monsterinsights_sitenote_active":false,"_monsterinsights_sitenote_note":"","_monsterinsights_sitenote_category":0},"_links":{"self":[{"href":"http:\/\/k-ubik.com\/index.php\/wp-json\/wp\/v2\/pages\/12"}],"collection":[{"href":"http:\/\/k-ubik.com\/index.php\/wp-json\/wp\/v2\/pages"}],"about":[{"href":"http:\/\/k-ubik.com\/index.php\/wp-json\/wp\/v2\/types\/page"}],"author":[{"embeddable":true,"href":"http:\/\/k-ubik.com\/index.php\/wp-json\/wp\/v2\/users\/1"}],"replies":[{"embeddable":true,"href":"http:\/\/k-ubik.com\/index.php\/wp-json\/wp\/v2\/comments?post=12"}],"version-history":[{"count":31,"href":"http:\/\/k-ubik.com\/index.php\/wp-json\/wp\/v2\/pages\/12\/revisions"}],"predecessor-version":[{"id":218,"href":"http:\/\/k-ubik.com\/index.php\/wp-json\/wp\/v2\/pages\/12\/revisions\/218"}],"wp:attachment":[{"href":"http:\/\/k-ubik.com\/index.php\/wp-json\/wp\/v2\/media?parent=12"}],"curies":[{"name":"wp","href":"https:\/\/api.w.org\/{rel}","templated":true}]}}